{"id":2,"date":"2021-03-15T11:22:45","date_gmt":"2021-03-15T11:22:45","guid":{"rendered":"http:\/\/www.movasalon.com\/?page_id=2"},"modified":"2021-06-16T13:36:05","modified_gmt":"2021-06-16T13:36:05","slug":"sample-page","status":"publish","type":"page","link":"http:\/\/www.movasalon.com\/index.php\/sample-page\/","title":{"rendered":"Galeri"},"content":{"rendered":"\n<div class=\"wp-block-columns\">\n<div class=\"wp-block-column\" style=\"flex-basis:100%\">\n<div class=\"wp-block-columns\">\n<div class=\"wp-block-column\" style=\"flex-basis:100%\">\n<div class=\"wp-block-group has-black-color has-text-color\"><div class=\"wp-block-group__inner-container\">\n<hr class=\"wp-block-separator has-text-color has-background has-black-background-color has-black-color is-style-wide\"\/>\n<\/div><\/div>\n<\/div>\n<\/div>\n\n\n\n<div class=\"wp-block-columns\">\n<div class=\"wp-block-column\">\n<div id=\"wp-block-themeisle-blocks-slider-4ff01e17\" class=\"wp-block-themeisle-blocks-slider glide\" data-per-view=\"1\" data-gap=\"0\" data-peek=\"0\" data-autoplay=\"true\" data-height=\"200px\" data-hide-arrows=\"true\"><div class=\"glide__track\" data-glide-el=\"track\"><div class=\"glide__slides\"><div class=\"wp-block-themeisle-blocks-slider-item-wrapper glide__slide\" tabindex=\"0\"><figure><img class=\"wp-block-themeisle-blocks-slider-item\" src=\"http:\/\/www.movasalon.com\/wp-content\/uploads\/2021\/03\/giydirme-59-scaled.jpg\" alt=\"\" title=\"\" data-id=\"58\"\/><\/figure><\/div><div class=\"wp-block-themeisle-blocks-slider-item-wrapper glide__slide\" tabindex=\"0\"><figure><img class=\"wp-block-themeisle-blocks-slider-item\" src=\"http:\/\/www.movasalon.com\/wp-content\/uploads\/2021\/06\/9U3A5881.jpg\" alt=\"\" title=\"\" data-id=\"160\"\/><\/figure><\/div><\/div><div class=\"glide__bullets\" data-glide-el=\"controls[nav]\"><button class=\"glide__bullet\" data-glide-dir=\"=0\"><\/button><button class=\"glide__bullet\" data-glide-dir=\"=1\"><\/button><\/div><\/div><\/div>\n\n\n\n<p class=\"has-text-align-center\"><strong>Kapal\u0131 D\u00fc\u011f\u00fcn Salonu<\/strong><\/p>\n<\/div>\n\n\n\n<div class=\"wp-block-column\">\n<div id=\"wp-block-themeisle-blocks-slider-4e0983d1\" class=\"wp-block-themeisle-blocks-slider glide\" data-per-view=\"1\" data-gap=\"0\" data-peek=\"0\" data-autoplay=\"true\" data-height=\"200px\" data-hide-arrows=\"true\"><div class=\"glide__track\" data-glide-el=\"track\"><div class=\"glide__slides\"><div class=\"wp-block-themeisle-blocks-slider-item-wrapper glide__slide\" tabindex=\"0\"><figure><img class=\"wp-block-themeisle-blocks-slider-item\" src=\"http:\/\/www.movasalon.com\/wp-content\/uploads\/2021\/03\/DNFA9860-edited-2.jpg\" alt=\"\" title=\"\" data-id=\"88\"\/><\/figure><\/div><\/div><div class=\"glide__bullets\" data-glide-el=\"controls[nav]\"><button class=\"glide__bullet\" data-glide-dir=\"=0\"><\/button><\/div><\/div><\/div>\n\n\n\n<p class=\"has-text-align-center\"><strong>Havuzba\u015f\u0131 D\u00fc\u011f\u00fcn Salonu<\/strong><\/p>\n<\/div>\n\n\n\n<div class=\"wp-block-column\">\n<div id=\"wp-block-themeisle-blocks-slider-5f50aa62\" class=\"wp-block-themeisle-blocks-slider glide\" data-per-view=\"1\" data-gap=\"0\" data-peek=\"0\" data-autoplay=\"true\" data-height=\"200px\" data-hide-arrows=\"true\"><div class=\"glide__track\" data-glide-el=\"track\"><div class=\"glide__slides\"><div class=\"wp-block-themeisle-blocks-slider-item-wrapper glide__slide\" tabindex=\"0\"><figure><img class=\"wp-block-themeisle-blocks-slider-item\" src=\"http:\/\/www.movasalon.com\/wp-content\/uploads\/2021\/03\/ELRV0859-edited.jpg\" alt=\"\" title=\"\" data-id=\"87\"\/><\/figure><\/div><\/div><div class=\"glide__bullets\" data-glide-el=\"controls[nav]\"><button class=\"glide__bullet\" data-glide-dir=\"=0\"><\/button><\/div><\/div><\/div>\n\n\n\n<p class=\"has-text-align-center\"><strong>K\u0131r D\u00fc\u011f\u00fcn Salonu<\/strong><\/p>\n<\/div>\n<\/div>\n\n\n\n<hr class=\"wp-block-separator has-text-color has-background has-black-background-color has-black-color is-style-wide\"\/>\n<\/div>\n<\/div>\n\n\n\n<div class=\"wp-block-columns\">\n<div class=\"wp-block-column\">\n<div id=\"wp-block-themeisle-blocks-slider-b9fb7f0e\" class=\"wp-block-themeisle-blocks-slider glide\" data-per-view=\"1\" data-gap=\"0\" data-peek=\"0\" data-autoplay=\"true\" data-height=\"200px\" data-hide-arrows=\"true\"><div class=\"glide__track\" data-glide-el=\"track\"><div class=\"glide__slides\"><div class=\"wp-block-themeisle-blocks-slider-item-wrapper glide__slide\" tabindex=\"0\"><figure><img class=\"wp-block-themeisle-blocks-slider-item\" src=\"http:\/\/www.movasalon.com\/wp-content\/uploads\/2021\/03\/giydirme-26-1024x680.jpg\" alt=\"\" title=\"\" data-id=\"55\"\/><\/figure><\/div><div class=\"wp-block-themeisle-blocks-slider-item-wrapper glide__slide\" tabindex=\"0\"><figure><img class=\"wp-block-themeisle-blocks-slider-item\" src=\"http:\/\/www.movasalon.com\/wp-content\/uploads\/2021\/03\/giydirme-27-1024x680.jpg\" alt=\"\" title=\"\" data-id=\"56\"\/><\/figure><\/div><div class=\"wp-block-themeisle-blocks-slider-item-wrapper glide__slide\" tabindex=\"0\"><figure><img class=\"wp-block-themeisle-blocks-slider-item\" src=\"http:\/\/www.movasalon.com\/wp-content\/uploads\/2021\/03\/giydirme-28-1024x680.jpg\" alt=\"\" title=\"\" data-id=\"57\"\/><\/figure><\/div><div class=\"wp-block-themeisle-blocks-slider-item-wrapper glide__slide\" tabindex=\"0\"><figure><img class=\"wp-block-themeisle-blocks-slider-item\" src=\"http:\/\/www.movasalon.com\/wp-content\/uploads\/2021\/03\/giydirme-59-1024x680.jpg\" alt=\"\" title=\"\" data-id=\"58\"\/><\/figure><\/div><div class=\"wp-block-themeisle-blocks-slider-item-wrapper glide__slide\" tabindex=\"0\"><figure><img class=\"wp-block-themeisle-blocks-slider-item\" src=\"http:\/\/www.movasalon.com\/wp-content\/uploads\/2021\/03\/giydirme-58-1024x680.jpg\" alt=\"\" title=\"\" data-id=\"59\"\/><\/figure><\/div><\/div><div class=\"glide__bullets\" data-glide-el=\"controls[nav]\"><button class=\"glide__bullet\" data-glide-dir=\"=0\"><\/button><button class=\"glide__bullet\" data-glide-dir=\"=1\"><\/button><button class=\"glide__bullet\" data-glide-dir=\"=2\"><\/button><button class=\"glide__bullet\" data-glide-dir=\"=3\"><\/button><button class=\"glide__bullet\" data-glide-dir=\"=4\"><\/button><\/div><\/div><\/div>\n\n\n\n<p class=\"has-text-align-center\"><strong>Mor T\u00fcl Giydirme<\/strong><\/p>\n\n\n\n<div id=\"wp-block-themeisle-blocks-slider-5d0fe725\" class=\"wp-block-themeisle-blocks-slider glide\" data-per-view=\"1\" data-gap=\"0\" data-peek=\"0\" data-autoplay=\"true\" data-height=\"200px\" data-hide-arrows=\"true\"><div class=\"glide__track\" data-glide-el=\"track\"><div class=\"glide__slides\"><div class=\"wp-block-themeisle-blocks-slider-item-wrapper glide__slide\" tabindex=\"0\"><figure><img class=\"wp-block-themeisle-blocks-slider-item\" src=\"http:\/\/www.movasalon.com\/wp-content\/uploads\/2021\/06\/9U3A5898.jpg\" alt=\"\" title=\"\" data-id=\"162\"\/><\/figure><\/div><div class=\"wp-block-themeisle-blocks-slider-item-wrapper glide__slide\" tabindex=\"0\"><figure><img class=\"wp-block-themeisle-blocks-slider-item\" src=\"http:\/\/www.movasalon.com\/wp-content\/uploads\/2021\/06\/9U3A5888.jpg\" alt=\"\" title=\"\" data-id=\"161\"\/><\/figure><\/div><div class=\"wp-block-themeisle-blocks-slider-item-wrapper glide__slide\" tabindex=\"0\"><figure><img class=\"wp-block-themeisle-blocks-slider-item\" src=\"http:\/\/www.movasalon.com\/wp-content\/uploads\/2021\/06\/9U3A5881.jpg\" alt=\"\" title=\"\" data-id=\"160\"\/><\/figure><\/div><div class=\"wp-block-themeisle-blocks-slider-item-wrapper glide__slide\" tabindex=\"0\"><figure><img class=\"wp-block-themeisle-blocks-slider-item\" src=\"http:\/\/www.movasalon.com\/wp-content\/uploads\/2021\/06\/9U3A5871.jpg\" alt=\"\" title=\"\" data-id=\"159\"\/><\/figure><\/div><div class=\"wp-block-themeisle-blocks-slider-item-wrapper glide__slide\" tabindex=\"0\"><figure><img class=\"wp-block-themeisle-blocks-slider-item\" src=\"http:\/\/www.movasalon.com\/wp-content\/uploads\/2021\/06\/9U3A5867.jpg\" alt=\"\" title=\"\" data-id=\"158\"\/><\/figure><\/div><div class=\"wp-block-themeisle-blocks-slider-item-wrapper glide__slide\" tabindex=\"0\"><figure><img class=\"wp-block-themeisle-blocks-slider-item\" src=\"http:\/\/www.movasalon.com\/wp-content\/uploads\/2021\/06\/9U3A5855.jpg\" alt=\"\" title=\"\" data-id=\"157\"\/><\/figure><\/div><div class=\"wp-block-themeisle-blocks-slider-item-wrapper glide__slide\" tabindex=\"0\"><figure><img class=\"wp-block-themeisle-blocks-slider-item\" src=\"http:\/\/www.movasalon.com\/wp-content\/uploads\/2021\/06\/9U3A5850.jpg\" alt=\"\" title=\"\" data-id=\"156\"\/><\/figure><\/div><div class=\"wp-block-themeisle-blocks-slider-item-wrapper glide__slide\" tabindex=\"0\"><figure><img class=\"wp-block-themeisle-blocks-slider-item\" src=\"http:\/\/www.movasalon.com\/wp-content\/uploads\/2021\/06\/9U3A5849.jpg\" alt=\"\" title=\"\" data-id=\"155\"\/><\/figure><\/div><div class=\"wp-block-themeisle-blocks-slider-item-wrapper glide__slide\" tabindex=\"0\"><figure><img class=\"wp-block-themeisle-blocks-slider-item\" src=\"http:\/\/www.movasalon.com\/wp-content\/uploads\/2021\/06\/9U3A5844.jpg\" alt=\"Sar\u0131 Giydirme\" title=\"Sar\u0131 Giydirme\" data-id=\"154\"\/><\/figure><\/div><\/div><div class=\"glide__bullets\" data-glide-el=\"controls[nav]\"><button class=\"glide__bullet\" data-glide-dir=\"=0\"><\/button><button class=\"glide__bullet\" data-glide-dir=\"=1\"><\/button><button class=\"glide__bullet\" data-glide-dir=\"=2\"><\/button><button class=\"glide__bullet\" data-glide-dir=\"=3\"><\/button><button class=\"glide__bullet\" data-glide-dir=\"=4\"><\/button><button class=\"glide__bullet\" data-glide-dir=\"=5\"><\/button><button class=\"glide__bullet\" data-glide-dir=\"=6\"><\/button><button class=\"glide__bullet\" data-glide-dir=\"=7\"><\/button><button class=\"glide__bullet\" data-glide-dir=\"=8\"><\/button><\/div><\/div><\/div>\n\n\n\n<p class=\"has-text-align-center\"><strong>Sar\u0131 Giydirme<\/strong><\/p>\n\n\n\n<div id=\"wp-block-themeisle-blocks-slider-9807febc\" class=\"wp-block-themeisle-blocks-slider glide\" data-per-view=\"1\" data-gap=\"0\" data-peek=\"0\" data-autoplay=\"true\" data-height=\"200px\" data-hide-arrows=\"true\"><div class=\"glide__track\" data-glide-el=\"track\"><div class=\"glide__slides\"><div class=\"wp-block-themeisle-blocks-slider-item-wrapper glide__slide\" tabindex=\"0\"><figure><img class=\"wp-block-themeisle-blocks-slider-item\" src=\"http:\/\/www.movasalon.com\/wp-content\/uploads\/2021\/06\/erin-145.jpg\" alt=\"\" title=\"\" data-id=\"170\"\/><\/figure><\/div><div class=\"wp-block-themeisle-blocks-slider-item-wrapper glide__slide\" tabindex=\"0\"><figure><img class=\"wp-block-themeisle-blocks-slider-item\" src=\"http:\/\/www.movasalon.com\/wp-content\/uploads\/2021\/06\/erin-155.jpg\" alt=\"\" title=\"\" data-id=\"171\"\/><\/figure><\/div><\/div><div class=\"glide__bullets\" data-glide-el=\"controls[nav]\"><button class=\"glide__bullet\" data-glide-dir=\"=0\"><\/button><button class=\"glide__bullet\" data-glide-dir=\"=1\"><\/button><\/div><\/div><\/div>\n\n\n\n<p class=\"has-text-align-center\"><strong>K\u0131rm\u0131z\u0131 T\u00fcl Giydirme<\/strong><\/p>\n<\/div>\n\n\n\n<div class=\"wp-block-column\">\n<div id=\"wp-block-themeisle-blocks-slider-a959f40e\" class=\"wp-block-themeisle-blocks-slider glide\" data-per-view=\"1\" data-gap=\"0\" data-peek=\"0\" data-autoplay=\"true\" data-height=\"200px\" data-hide-arrows=\"true\"><div class=\"glide__track\" data-glide-el=\"track\"><div class=\"glide__slides\"><div class=\"wp-block-themeisle-blocks-slider-item-wrapper glide__slide\" tabindex=\"0\"><figure><img class=\"wp-block-themeisle-blocks-slider-item\" src=\"http:\/\/www.movasalon.com\/wp-content\/uploads\/2021\/06\/erin-136.jpg\" alt=\"\" title=\"\" data-id=\"165\"\/><\/figure><\/div><div class=\"wp-block-themeisle-blocks-slider-item-wrapper glide__slide\" tabindex=\"0\"><figure><img class=\"wp-block-themeisle-blocks-slider-item\" src=\"http:\/\/www.movasalon.com\/wp-content\/uploads\/2021\/06\/erin-91.jpg\" alt=\"\" title=\"\" data-id=\"169\"\/><\/figure><\/div><div class=\"wp-block-themeisle-blocks-slider-item-wrapper glide__slide\" tabindex=\"0\"><figure><img class=\"wp-block-themeisle-blocks-slider-item\" src=\"http:\/\/www.movasalon.com\/wp-content\/uploads\/2021\/06\/erin-93.jpg\" alt=\"\" title=\"\" data-id=\"168\"\/><\/figure><\/div><div class=\"wp-block-themeisle-blocks-slider-item-wrapper glide__slide\" tabindex=\"0\"><figure><img class=\"wp-block-themeisle-blocks-slider-item\" src=\"http:\/\/www.movasalon.com\/wp-content\/uploads\/2021\/06\/erin-109.jpg\" alt=\"\" title=\"\" data-id=\"166\"\/><\/figure><\/div><\/div><div class=\"glide__bullets\" data-glide-el=\"controls[nav]\"><button class=\"glide__bullet\" data-glide-dir=\"=0\"><\/button><button class=\"glide__bullet\" data-glide-dir=\"=1\"><\/button><button class=\"glide__bullet\" data-glide-dir=\"=2\"><\/button><button class=\"glide__bullet\" data-glide-dir=\"=3\"><\/button><\/div><\/div><\/div>\n\n\n\n<p class=\"has-text-align-center\"><strong>Mor Giydirme<\/strong><\/p>\n\n\n\n<div id=\"wp-block-themeisle-blocks-slider-29b612db\" class=\"wp-block-themeisle-blocks-slider glide\" data-per-view=\"1\" data-gap=\"0\" data-peek=\"0\" data-autoplay=\"true\" data-height=\"200px\" data-hide-arrows=\"true\"><div class=\"glide__track\" data-glide-el=\"track\"><div class=\"glide__slides\"><div class=\"wp-block-themeisle-blocks-slider-item-wrapper glide__slide\" tabindex=\"0\"><figure><img class=\"wp-block-themeisle-blocks-slider-item\" src=\"http:\/\/www.movasalon.com\/wp-content\/uploads\/2021\/06\/erin-172.jpg\" alt=\"\" title=\"\" data-id=\"173\"\/><\/figure><\/div><div class=\"wp-block-themeisle-blocks-slider-item-wrapper glide__slide\" tabindex=\"0\"><figure><img class=\"wp-block-themeisle-blocks-slider-item\" src=\"http:\/\/www.movasalon.com\/wp-content\/uploads\/2021\/06\/erin-178.jpg\" alt=\"\" title=\"\" data-id=\"174\"\/><\/figure><\/div><\/div><div class=\"glide__bullets\" data-glide-el=\"controls[nav]\"><button class=\"glide__bullet\" data-glide-dir=\"=0\"><\/button><button class=\"glide__bullet\" data-glide-dir=\"=1\"><\/button><\/div><\/div><\/div>\n\n\n\n<p class=\"has-text-align-center\"><strong>Gold Giydirme<\/strong><\/p>\n\n\n\n<div id=\"wp-block-themeisle-blocks-slider-8850630b\" class=\"wp-block-themeisle-blocks-slider glide\" data-per-view=\"1\" data-gap=\"0\" data-peek=\"0\" data-autoplay=\"true\" data-height=\"200px\" data-hide-arrows=\"true\"><div class=\"glide__track\" data-glide-el=\"track\"><div class=\"glide__slides\"><div class=\"wp-block-themeisle-blocks-slider-item-wrapper glide__slide\" tabindex=\"0\"><figure><img class=\"wp-block-themeisle-blocks-slider-item\" src=\"http:\/\/www.movasalon.com\/wp-content\/uploads\/2021\/06\/erin-64.jpg\" alt=\"\" title=\"\" data-id=\"188\"\/><\/figure><\/div><div class=\"wp-block-themeisle-blocks-slider-item-wrapper glide__slide\" tabindex=\"0\"><figure><img class=\"wp-block-themeisle-blocks-slider-item\" src=\"http:\/\/www.movasalon.com\/wp-content\/uploads\/2021\/06\/erin-75.jpg\" alt=\"\" title=\"\" data-id=\"189\"\/><\/figure><\/div><div class=\"wp-block-themeisle-blocks-slider-item-wrapper glide__slide\" tabindex=\"0\"><figure><img class=\"wp-block-themeisle-blocks-slider-item\" src=\"http:\/\/www.movasalon.com\/wp-content\/uploads\/2021\/06\/erin-134.jpg\" alt=\"\" title=\"\" data-id=\"191\"\/><\/figure><\/div><\/div><div class=\"glide__bullets\" data-glide-el=\"controls[nav]\"><button class=\"glide__bullet\" data-glide-dir=\"=0\"><\/button><button class=\"glide__bullet\" data-glide-dir=\"=1\"><\/button><button class=\"glide__bullet\" data-glide-dir=\"=2\"><\/button><\/div><\/div><\/div>\n\n\n\n<p class=\"has-text-align-center\"><strong>Siyah Beyaz T\u00fcl Giydirme<\/strong><\/p>\n<\/div>\n\n\n\n<div class=\"wp-block-column is-vertically-aligned-top\">\n<div id=\"wp-block-themeisle-blocks-slider-2dbcbed9\" class=\"wp-block-themeisle-blocks-slider glide\" data-per-view=\"1\" data-gap=\"0\" data-peek=\"0\" data-autoplay=\"true\" data-height=\"200px\" data-hide-arrows=\"true\"><div class=\"glide__track\" data-glide-el=\"track\"><div class=\"glide__slides\"><div class=\"wp-block-themeisle-blocks-slider-item-wrapper glide__slide\" tabindex=\"0\"><figure><img class=\"wp-block-themeisle-blocks-slider-item\" src=\"http:\/\/www.movasalon.com\/wp-content\/uploads\/2021\/06\/erin-212.jpg\" alt=\"\" title=\"\" data-id=\"175\"\/><\/figure><\/div><div class=\"wp-block-themeisle-blocks-slider-item-wrapper glide__slide\" tabindex=\"0\"><figure><img class=\"wp-block-themeisle-blocks-slider-item\" src=\"http:\/\/www.movasalon.com\/wp-content\/uploads\/2021\/06\/erin-221.jpg\" alt=\"\" title=\"\" data-id=\"176\"\/><\/figure><\/div><div class=\"wp-block-themeisle-blocks-slider-item-wrapper glide__slide\" tabindex=\"0\"><figure><img class=\"wp-block-themeisle-blocks-slider-item\" src=\"http:\/\/www.movasalon.com\/wp-content\/uploads\/2021\/06\/erin-233.jpg\" alt=\"\" title=\"\" data-id=\"177\"\/><\/figure><\/div><\/div><div class=\"glide__bullets\" data-glide-el=\"controls[nav]\"><button class=\"glide__bullet\" data-glide-dir=\"=0\"><\/button><button class=\"glide__bullet\" data-glide-dir=\"=1\"><\/button><button class=\"glide__bullet\" data-glide-dir=\"=2\"><\/button><\/div><\/div><\/div>\n\n\n\n<p class=\"has-text-align-center\"><strong>Turkuaz Giydirme<\/strong><\/p>\n\n\n\n<div id=\"wp-block-themeisle-blocks-slider-c05e6715\" class=\"wp-block-themeisle-blocks-slider glide\" data-per-view=\"1\" data-gap=\"0\" data-peek=\"0\" data-autoplay=\"true\" data-height=\"200px\" data-hide-arrows=\"true\"><div class=\"glide__track\" data-glide-el=\"track\"><div class=\"glide__slides\"><div class=\"wp-block-themeisle-blocks-slider-item-wrapper glide__slide\" tabindex=\"0\"><figure><img class=\"wp-block-themeisle-blocks-slider-item\" src=\"http:\/\/www.movasalon.com\/wp-content\/uploads\/2021\/06\/erin-22.jpg\" alt=\"\" title=\"\" data-id=\"181\"\/><\/figure><\/div><div class=\"wp-block-themeisle-blocks-slider-item-wrapper glide__slide\" tabindex=\"0\"><figure><img class=\"wp-block-themeisle-blocks-slider-item\" src=\"http:\/\/www.movasalon.com\/wp-content\/uploads\/2021\/06\/erin-37.jpg\" alt=\"\" title=\"\" data-id=\"178\"\/><\/figure><\/div><\/div><div class=\"glide__bullets\" data-glide-el=\"controls[nav]\"><button class=\"glide__bullet\" data-glide-dir=\"=0\"><\/button><button class=\"glide__bullet\" data-glide-dir=\"=1\"><\/button><\/div><\/div><\/div>\n\n\n\n<p class=\"has-text-align-center\"><strong>Sar\u0131 T\u00fcl Giydirme<\/strong><\/p>\n\n\n\n<p class=\"has-text-align-center\"><\/p>\n<\/div>\n<\/div>\n\n\n\n<hr class=\"wp-block-separator has-text-color has-background has-black-background-color has-black-color is-style-wide\"\/>\n\n\n\n<div class=\"wp-block-columns\">\n<div class=\"wp-block-column\">\n<div id=\"wp-block-themeisle-blocks-slider-02d5c898\" class=\"wp-block-themeisle-blocks-slider glide\" data-per-view=\"1\" data-gap=\"0\" data-peek=\"0\" data-autoplay=\"true\" data-height=\"200px\" data-hide-arrows=\"false\"><div class=\"glide__track\" data-glide-el=\"track\"><div class=\"glide__slides\"><div class=\"wp-block-themeisle-blocks-slider-item-wrapper glide__slide\" tabindex=\"0\"><figure><img class=\"wp-block-themeisle-blocks-slider-item\" src=\"http:\/\/www.movasalon.com\/wp-content\/uploads\/2021\/06\/9U3A8204.jpg\" alt=\"\" title=\"\" data-id=\"195\"\/><\/figure><\/div><div class=\"wp-block-themeisle-blocks-slider-item-wrapper glide__slide\" tabindex=\"0\"><figure><img class=\"wp-block-themeisle-blocks-slider-item\" src=\"http:\/\/www.movasalon.com\/wp-content\/uploads\/2021\/06\/giydirme-78.jpg\" alt=\"\" title=\"\" data-id=\"197\"\/><\/figure><\/div><\/div><div class=\"glide__bullets\" data-glide-el=\"controls[nav]\"><button class=\"glide__bullet\" data-glide-dir=\"=0\"><\/button><button class=\"glide__bullet\" data-glide-dir=\"=1\"><\/button><\/div><\/div><\/div>\n\n\n\n<p class=\"has-text-align-center\"><strong>\u0130\u00e7 Mekan Platform<\/strong><\/p>\n<\/div>\n\n\n\n<div class=\"wp-block-column\">\n<div id=\"wp-block-themeisle-blocks-slider-7139ba48\" class=\"wp-block-themeisle-blocks-slider glide\" data-per-view=\"1\" data-gap=\"0\" data-peek=\"0\" data-autoplay=\"true\" data-height=\"200px\" data-hide-arrows=\"false\"><div class=\"glide__track\" data-glide-el=\"track\"><div class=\"glide__slides\"><div class=\"wp-block-themeisle-blocks-slider-item-wrapper glide__slide\" tabindex=\"0\"><figure><img class=\"wp-block-themeisle-blocks-slider-item\" src=\"http:\/\/www.movasalon.com\/wp-content\/uploads\/2021\/06\/RZYT5937.jpg\" alt=\"\" title=\"\" data-id=\"199\"\/><\/figure><\/div><\/div><div class=\"glide__bullets\" data-glide-el=\"controls[nav]\"><button class=\"glide__bullet\" data-glide-dir=\"=0\"><\/button><\/div><\/div><\/div>\n\n\n\n<p class=\"has-text-align-center\"><strong>D\u0131\u015f Mekan Platform<\/strong><\/p>\n<\/div>\n<\/div>\n\n\n\n<p><\/p>\n","protected":false},"excerpt":{"rendered":"<p>Mor T\u00fcl Giydirme Sar\u0131 Giydirme K\u0131rm\u0131z\u0131 T\u00fcl Giydirme Mor Giydirme Gold Giydirme Siyah Beyaz T\u00fcl Giydirme Turkuaz Giydirme Sar\u0131 T\u00fcl Giydirme \u0130\u00e7 Mekan Platform D\u0131\u015f Mekan Platform<\/p>\n","protected":false},"author":1,"featured_media":0,"parent":0,"menu_order":0,"comment_status":"closed","ping_status":"open","template":"","meta":[],"_links":{"self":[{"href":"http:\/\/www.movasalon.com\/index.php\/wp-json\/wp\/v2\/pages\/2"}],"collection":[{"href":"http:\/\/www.movasalon.com\/index.php\/wp-json\/wp\/v2\/pages"}],"about":[{"href":"http:\/\/www.movasalon.com\/index.php\/wp-json\/wp\/v2\/types\/page"}],"author":[{"embeddable":true,"href":"http:\/\/www.movasalon.com\/index.php\/wp-json\/wp\/v2\/users\/1"}],"replies":[{"embeddable":true,"href":"http:\/\/www.movasalon.com\/index.php\/wp-json\/wp\/v2\/comments?post=2"}],"version-history":[{"count":24,"href":"http:\/\/www.movasalon.com\/index.php\/wp-json\/wp\/v2\/pages\/2\/revisions"}],"predecessor-version":[{"id":205,"href":"http:\/\/www.movasalon.com\/index.php\/wp-json\/wp\/v2\/pages\/2\/revisions\/205"}],"wp:attachment":[{"href":"http:\/\/www.movasalon.com\/index.php\/wp-json\/wp\/v2\/media?parent=2"}],"curies":[{"name":"wp","href":"https:\/\/api.w.org\/{rel}","templated":true}]}}